{"id":4937,"date":"2021-06-28T12:03:43","date_gmt":"2021-06-28T12:03:43","guid":{"rendered":"https:\/\/www.blaudisseny.cat\/?page_id=4937"},"modified":"2021-07-02T13:17:16","modified_gmt":"2021-07-02T13:17:16","slug":"grup-globalcat","status":"publish","type":"page","link":"https:\/\/www.blaudisseny.cat\/index.php\/grup-globalcat\/","title":{"rendered":"Grup Globalcat"},"content":{"rendered":"\n<div class=\"wp-block-cover alignfull has-background-dim has-background-gradient\" style=\"background:linear-gradient(0deg,rgb(0,0,0) 0%,rgb(10,34,64) 49%,rgb(0,113,206) 100%);min-height:300px;aspect-ratio:unset;\"><div class=\"wp-block-cover__inner-container is-layout-flow wp-block-cover-is-layout-flow\">\n<h2 class=\"gb-headline gb-headline-1c3234bb gb-headline-text\">Solucions de connectivitat<\/h2>\n\n\n\n<div class=\"wp-block-image\"><figure class=\"alignleft size-full is-resized\"><img decoding=\"async\" src=\"https:\/\/www.blaudisseny.cat\/wp-content\/uploads\/2021\/06\/logo-grup-globalcat.png\" alt=\"\" class=\"wp-image-4951\" width=\"427\" height=\"67\" srcset=\"https:\/\/www.blaudisseny.cat\/wp-content\/uploads\/2021\/06\/logo-grup-globalcat.png 569w, https:\/\/www.blaudisseny.cat\/wp-content\/uploads\/2021\/06\/logo-grup-globalcat-300x47.png 300w\" sizes=\"(max-width: 427px) 100vw, 427px\" \/><\/figure><\/div>\n<\/div><\/div>\n\n\n\n<p class=\"gb-headline gb-headline-db0717a6 gb-headline-text\"><strong>Grup Globalcat <\/strong>(Comunicacions Globals de Catalunya S.L.) \u00e9s un grup d&#8217;empreses de la catalunya central amb m\u00e9s de 30 anys d&#8217;experi\u00e8ncia en l&#8217;\u00e0mbit de les telecomunicacions, la connectivitat, la telefonia m\u00f2bil i el disseny. <br>Disposem de xarxa propia i d&#8217;un equip professional altament qualificat per donar resposta de qualitat a les seves necessitats empresarials, ja sigui de fibra \u00f2ptica, telefonia fixa i m\u00f2bil, centraletes i tot tipus de xarxes de veu, dades, wifi, correu empresarial, hosting i desenvolupament web.<br><\/p>\n\n\n<div class=\"gb-grid-wrapper gb-grid-wrapper-eb3aa75c\">\n<div class=\"gb-grid-column gb-grid-column-6b2be650\"><div class=\"gb-container gb-container-6b2be650\"><div class=\"gb-inside-container\">\n\n<figure class=\"wp-block-image size-large is-resized\"><img decoding=\"async\" src=\"https:\/\/www.blaudisseny.cat\/wp-content\/uploads\/2021\/06\/LOGO-LICTEL-03-1024x850.png\" alt=\"\" class=\"wp-image-4973\" width=\"190\" height=\"147\"\/><\/figure>\n\n<\/div><\/div><\/div>\n\n<div class=\"gb-grid-column gb-grid-column-9bce3290\"><div class=\"gb-container gb-container-9bce3290\"><div class=\"gb-inside-container\">\n\n<h2 class=\"gb-headline gb-headline-972e7b88 gb-headline-text\">LICTEL<\/h2>\n\n\n\n<p class=\"gb-headline gb-headline-fa079fc5 gb-headline-text\">Des de 1992 Lictel \u00e9s una empresa dedicada en exclusiva a les telecomunicacions. Oferim els preus m\u00e9s competitius del mercat i la m\u00e9s \u00e0mplia gamma de productes. <br>El valor afegit de Lictel \u00e9s el nostre servei t\u00e8cnic amb un temps de resposta m\u00e0xim de 4 hores en cas d&#8217;avaria. <\/p>\n\n\n\n<h4 class=\"gb-headline gb-headline-9e0efe71 gb-headline-text\">Serveis<\/h4>\n\n\n\n<p class=\"gb-headline gb-headline-c2741c21 gb-headline-text\"><span style=\"color:#0071ce\" class=\"has-inline-color\"><strong>&gt;<\/strong><\/span> Centraletes telef\u00f2niques<br><strong><span style=\"color:#0071ce\" class=\"has-inline-color\">&gt;<\/span><\/strong> Telefonia fixa<br><strong><span style=\"color:#0071ce\" class=\"has-inline-color\">&gt;<\/span><\/strong> Telefonia m\u00f2bil<\/p>\n\n<\/div><\/div><\/div>\n<\/div>\n\n<div class=\"gb-grid-wrapper gb-grid-wrapper-d0fb4eaa\">\n<div class=\"gb-grid-column gb-grid-column-e065ce6d\"><div class=\"gb-container gb-container-e065ce6d\"><div class=\"gb-inside-container\">\n\n<h4 class=\"gb-headline gb-headline-59edef43 gb-headline-text\"><\/h4>\n\n\n\n<p class=\"gb-headline gb-headline-39e3ddc1 gb-headline-text\"><\/p>\n\n<\/div><\/div><\/div>\n\n<div class=\"gb-grid-column gb-grid-column-1b23137a\"><div class=\"gb-container gb-container-1b23137a\"><div class=\"gb-inside-container\">\n\n<h2 class=\"gb-headline gb-headline-44cdb0ff\"><span class=\"gb-icon\"><svg aria-hidden=\"true\" role=\"img\" height=\"1em\" width=\"1em\" viewBox=\"0 0 512 512\" xmlns=\"http:\/\/www.w3.org\/2000\/svg\"><path fill=\"currentColor\" d=\"M256 56c110.532 0 200 89.451 200 200 0 110.532-89.451 200-200 200-110.532 0-200-89.451-200-200 0-110.532 89.451-200 200-200m0-48C119.033 8 8 119.033 8 256s111.033 248 248 248 248-111.033 248-248S392.967 8 256 8zm0 168c-44.183 0-80 35.817-80 80s35.817 80 80 80 80-35.817 80-80-35.817-80-80-80z\"><\/path><\/svg><\/span><span class=\"gb-headline-text\">Web<\/span><\/h2>\n\n\n\n<p class=\"gb-headline gb-headline-170f7ae5 gb-headline-text\"><a href=\"http:\/\/www.lictel.com\/ca\/inici\/\" data-type=\"URL\" data-id=\"http:\/\/www.lictel.com\/ca\/inici\/\">www.lictel.com<\/a><\/p>\n\n<\/div><\/div><\/div>\n\n<div class=\"gb-grid-column gb-grid-column-a9ba7b16\"><div class=\"gb-container gb-container-a9ba7b16\"><div class=\"gb-inside-container\">\n\n<h2 class=\"gb-headline gb-headline-b9989dca\"><span class=\"gb-icon\"><svg aria-hidden=\"true\" role=\"img\" height=\"1em\" width=\"1em\" viewBox=\"0 0 512 512\" xmlns=\"http:\/\/www.w3.org\/2000\/svg\"><path fill=\"currentColor\" d=\"M493.4 24.6l-104-24c-11.3-2.6-22.9 3.3-27.5 13.9l-48 112c-4.2 9.8-1.4 21.3 6.9 28l60.6 49.6c-36 76.7-98.9 140.5-177.2 177.2l-49.6-60.6c-6.8-8.3-18.2-11.1-28-6.9l-112 48C3.9 366.5-2 378.1.6 389.4l24 104C27.1 504.2 36.7 512 48 512c256.1 0 464-207.5 464-464 0-11.2-7.7-20.9-18.6-23.4z\"><\/path><\/svg><\/span><span class=\"gb-headline-text\">Tel\u00e8fon<\/span><\/h2>\n\n\n\n<p class=\"gb-headline gb-headline-5f9353fd gb-headline-text\">902 888 302<\/p>\n\n<\/div><\/div><\/div>\n\n<div class=\"gb-grid-column gb-grid-column-71a2599b\"><div class=\"gb-container gb-container-71a2599b\"><div class=\"gb-inside-container\">\n\n<h2 class=\"gb-headline gb-headline-66ef6218\"><span class=\"gb-icon\"><svg aria-hidden=\"true\" role=\"img\" height=\"1em\" width=\"1em\" viewBox=\"0 0 512 512\" xmlns=\"http:\/\/www.w3.org\/2000\/svg\"><path fill=\"currentColor\" d=\"M464 64H48C21.49 64 0 85.49 0 112v288c0 26.51 21.49 48 48 48h416c26.51 0 48-21.49 48-48V112c0-26.51-21.49-48-48-48zm0 48v40.805c-22.422 18.259-58.168 46.651-134.587 106.49-16.841 13.247-50.201 45.072-73.413 44.701-23.208.375-56.579-31.459-73.413-44.701C106.18 199.465 70.425 171.067 48 152.805V112h416zM48 400V214.398c22.914 18.251 55.409 43.862 104.938 82.646 21.857 17.205 60.134 55.186 103.062 54.955 42.717.231 80.509-37.199 103.053-54.947 49.528-38.783 82.032-64.401 104.947-82.653V400H48z\"><\/path><\/svg><\/span><span class=\"gb-headline-text\">Email<\/span><\/h2>\n\n\n\n<p class=\"gb-headline gb-headline-012098f6 gb-headline-text\">lictel@lictel.com<\/p>\n\n<\/div><\/div><\/div>\n<\/div>\n\n<div class=\"gb-grid-wrapper gb-grid-wrapper-085899c1\">\n<div class=\"gb-grid-column gb-grid-column-10bc8eb0\"><div class=\"gb-container gb-container-10bc8eb0\"><div class=\"gb-inside-container\">\n\n<figure class=\"wp-block-image size-large is-resized\"><img decoding=\"async\" src=\"https:\/\/www.blaudisseny.cat\/wp-content\/uploads\/2021\/06\/logo-globalcat-todo-azul-02-1024x630.png\" alt=\"\" class=\"wp-image-4981\" width=\"256\" height=\"158\" srcset=\"https:\/\/www.blaudisseny.cat\/wp-content\/uploads\/2021\/06\/logo-globalcat-todo-azul-02-1024x630.png 1024w, https:\/\/www.blaudisseny.cat\/wp-content\/uploads\/2021\/06\/logo-globalcat-todo-azul-02-300x185.png 300w, https:\/\/www.blaudisseny.cat\/wp-content\/uploads\/2021\/06\/logo-globalcat-todo-azul-02-768x473.png 768w, https:\/\/www.blaudisseny.cat\/wp-content\/uploads\/2021\/06\/logo-globalcat-todo-azul-02-1536x945.png 1536w, https:\/\/www.blaudisseny.cat\/wp-content\/uploads\/2021\/06\/logo-globalcat-todo-azul-02-2048x1260.png 2048w\" sizes=\"(max-width: 256px) 100vw, 256px\" \/><\/figure>\n\n<\/div><\/div><\/div>\n\n<div class=\"gb-grid-column gb-grid-column-86e8b6e1\"><div class=\"gb-container gb-container-86e8b6e1\"><div class=\"gb-inside-container\">\n\n<h2 class=\"gb-headline gb-headline-57ae11d0 gb-headline-text\">Globalcat Telecom<\/h2>\n\n\n\n<p class=\"gb-headline gb-headline-cf0f7737 gb-headline-text\">Globalcat ofereix un dossier complet de serveis integrals per cobrir i donar resposta a les principals necessitats de connectivitat, comunicaci\u00f3 i integraci\u00f3 de serveis al n\u00favol en l&#8217;\u00e0mbit empresarial, proporcionant importants beneficis a nivell de reducci\u00f3 de costos, productivitat i flexibilitat. <br>Entre altres solucions oferim: connectivitat d&#8217;alta disponibilitat, centraletes virtuals i telefonia IP, telefonia m\u00f2bil coorporativa i integraci\u00f3 centraleta-m\u00f2bil, etc.<\/p>\n\n\n\n<h4 class=\"gb-headline gb-headline-25f0915f gb-headline-text\">Serveis<\/h4>\n\n\n\n<p class=\"gb-headline gb-headline-a4313cdd gb-headline-text\"><span style=\"color:#3cb4e5\" class=\"has-inline-color\"><strong>&gt;<\/strong> <\/span>Centraletes telef\u00f2niques<br><span style=\"color:#3cb4e5\" class=\"has-inline-color\"><strong>&gt;<\/strong> <\/span>Radioenlla\u00e7<br><span style=\"color:#3cb4e5\" class=\"has-inline-color\"><strong>&gt;<\/strong> <\/span>Internet rural<br><strong><span style=\"color:#3cb4e5\" class=\"has-inline-color\">&gt; <\/span><\/strong>Fibra \u00f2ptica<br><strong><span style=\"color:#3cb4e5\" class=\"has-inline-color\">&gt; <\/span><\/strong>Wifi professional<\/p>\n\n<\/div><\/div><\/div>\n<\/div>\n\n<div class=\"gb-grid-wrapper gb-grid-wrapper-a835c34c\">\n<div class=\"gb-grid-column gb-grid-column-d6e23be3\"><div class=\"gb-container gb-container-d6e23be3\"><div class=\"gb-inside-container\">\n\n<h4 class=\"gb-headline gb-headline-9a62a0d6 gb-headline-text\"><\/h4>\n\n\n\n<p class=\"gb-headline gb-headline-42a8d013 gb-headline-text\"><\/p>\n\n<\/div><\/div><\/div>\n\n<div class=\"gb-grid-column gb-grid-column-550a99db\"><div class=\"gb-container gb-container-550a99db\"><div class=\"gb-inside-container\">\n\n<h2 class=\"gb-headline gb-headline-c0b086a8\"><span class=\"gb-icon\"><svg aria-hidden=\"true\" role=\"img\" height=\"1em\" width=\"1em\" viewBox=\"0 0 512 512\" xmlns=\"http:\/\/www.w3.org\/2000\/svg\"><path fill=\"currentColor\" d=\"M256 56c110.532 0 200 89.451 200 200 0 110.532-89.451 200-200 200-110.532 0-200-89.451-200-200 0-110.532 89.451-200 200-200m0-48C119.033 8 8 119.033 8 256s111.033 248 248 248 248-111.033 248-248S392.967 8 256 8zm0 168c-44.183 0-80 35.817-80 80s35.817 80 80 80 80-35.817 80-80-35.817-80-80-80z\"><\/path><\/svg><\/span><span class=\"gb-headline-text\">Web<\/span><\/h2>\n\n\n\n<p class=\"gb-headline gb-headline-c10d4af2 gb-headline-text\"><a href=\"http:\/\/www.globalcat.net\/\" data-type=\"URL\">www.globalcat.net<\/a><\/p>\n\n<\/div><\/div><\/div>\n\n<div class=\"gb-grid-column gb-grid-column-accf586f\"><div class=\"gb-container gb-container-accf586f\"><div class=\"gb-inside-container\">\n\n<h2 class=\"gb-headline gb-headline-cbbd15ae\"><span class=\"gb-icon\"><svg aria-hidden=\"true\" role=\"img\" height=\"1em\" width=\"1em\" viewBox=\"0 0 512 512\" xmlns=\"http:\/\/www.w3.org\/2000\/svg\"><path fill=\"currentColor\" d=\"M493.4 24.6l-104-24c-11.3-2.6-22.9 3.3-27.5 13.9l-48 112c-4.2 9.8-1.4 21.3 6.9 28l60.6 49.6c-36 76.7-98.9 140.5-177.2 177.2l-49.6-60.6c-6.8-8.3-18.2-11.1-28-6.9l-112 48C3.9 366.5-2 378.1.6 389.4l24 104C27.1 504.2 36.7 512 48 512c256.1 0 464-207.5 464-464 0-11.2-7.7-20.9-18.6-23.4z\"><\/path><\/svg><\/span><span class=\"gb-headline-text\">Tel\u00e8fon<\/span><\/h2>\n\n\n\n<p class=\"gb-headline gb-headline-67de1052 gb-headline-text\">93 877 69 00<\/p>\n\n<\/div><\/div><\/div>\n\n<div class=\"gb-grid-column gb-grid-column-22f30df6\"><div class=\"gb-container gb-container-22f30df6\"><div class=\"gb-inside-container\">\n\n<h2 class=\"gb-headline gb-headline-22a7b2f7\"><span class=\"gb-icon\"><svg aria-hidden=\"true\" role=\"img\" height=\"1em\" width=\"1em\" viewBox=\"0 0 512 512\" xmlns=\"http:\/\/www.w3.org\/2000\/svg\"><path fill=\"currentColor\" d=\"M464 64H48C21.49 64 0 85.49 0 112v288c0 26.51 21.49 48 48 48h416c26.51 0 48-21.49 48-48V112c0-26.51-21.49-48-48-48zm0 48v40.805c-22.422 18.259-58.168 46.651-134.587 106.49-16.841 13.247-50.201 45.072-73.413 44.701-23.208.375-56.579-31.459-73.413-44.701C106.18 199.465 70.425 171.067 48 152.805V112h416zM48 400V214.398c22.914 18.251 55.409 43.862 104.938 82.646 21.857 17.205 60.134 55.186 103.062 54.955 42.717.231 80.509-37.199 103.053-54.947 49.528-38.783 82.032-64.401 104.947-82.653V400H48z\"><\/path><\/svg><\/span><span class=\"gb-headline-text\">Email<\/span><\/h2>\n\n\n\n<p class=\"gb-headline gb-headline-56fe2d73 gb-headline-text\">info@globalcat.net<\/p>\n\n<\/div><\/div><\/div>\n<\/div>\n\n<div class=\"gb-grid-wrapper gb-grid-wrapper-da7fa52b\">\n<div class=\"gb-grid-column gb-grid-column-5e719110\"><div class=\"gb-container gb-container-5e719110\"><div class=\"gb-inside-container\">\n\n<figure class=\"wp-block-image size-large is-resized\"><img loading=\"lazy\" decoding=\"async\" src=\"https:\/\/www.blaudisseny.cat\/wp-content\/uploads\/2021\/06\/logo_Connecta_png-03.png\" alt=\"\" class=\"wp-image-4985\" width=\"225\" height=\"185\"\/><\/figure>\n\n<\/div><\/div><\/div>\n\n<div class=\"gb-grid-column gb-grid-column-b7e6855f\"><div class=\"gb-container gb-container-b7e6855f\"><div class=\"gb-inside-container\">\n\n<h2 class=\"gb-headline gb-headline-1f5f3e97 gb-headline-text\">connecta fibra<\/h2>\n\n\n\n<p class=\"gb-headline gb-headline-3b8828a4 gb-headline-text\">Connecta \u00e9s una empresa de telecomunicacions que ofereix un servei de qualitat, amb un producte que s&#8217;adapta a les teves necessitats i un tracte de proximitat amb el client.  <\/p>\n\n\n\n<h4 class=\"gb-headline gb-headline-4226d1bf gb-headline-text\">Serveis<\/h4>\n\n\n\n<p class=\"gb-headline gb-headline-7a8adaed gb-headline-text\"><span style=\"color:#ffd200\" class=\"has-inline-color\"><strong>&gt;<\/strong> <\/span>Fibra \u00f2ptica<br><strong><span style=\"color:#ffd200\" class=\"has-inline-color\">&gt;<\/span><\/strong> Telefonia fixa<br><span style=\"color:#ffd200\" class=\"has-inline-color\"><strong>&gt;<\/strong> <\/span>Telefonia m\u00f2bil<br><strong><span style=\"color:#ffd200\" class=\"has-inline-color\">&gt; <\/span><\/strong>Proximitat<\/p>\n\n<\/div><\/div><\/div>\n<\/div>\n\n<div class=\"gb-grid-wrapper gb-grid-wrapper-1c90ef2b\">\n<div class=\"gb-grid-column gb-grid-column-c776e8e0\"><div class=\"gb-container gb-container-c776e8e0\"><div class=\"gb-inside-container\">\n\n<h4 class=\"gb-headline gb-headline-52b051d3 gb-headline-text\"><\/h4>\n\n\n\n<p class=\"gb-headline gb-headline-e5c6e7fa gb-headline-text\"><\/p>\n\n<\/div><\/div><\/div>\n\n<div class=\"gb-grid-column gb-grid-column-83e8bb77\"><div class=\"gb-container gb-container-83e8bb77\"><div class=\"gb-inside-container\">\n\n<h2 class=\"gb-headline gb-headline-93c1a7a3\"><span class=\"gb-icon\"><svg aria-hidden=\"true\" role=\"img\" height=\"1em\" width=\"1em\" viewBox=\"0 0 512 512\" xmlns=\"http:\/\/www.w3.org\/2000\/svg\"><path fill=\"currentColor\" d=\"M256 56c110.532 0 200 89.451 200 200 0 110.532-89.451 200-200 200-110.532 0-200-89.451-200-200 0-110.532 89.451-200 200-200m0-48C119.033 8 8 119.033 8 256s111.033 248 248 248 248-111.033 248-248S392.967 8 256 8zm0 168c-44.183 0-80 35.817-80 80s35.817 80 80 80 80-35.817 80-80-35.817-80-80-80z\"><\/path><\/svg><\/span><span class=\"gb-headline-text\">Web<\/span><\/h2>\n\n\n\n<p class=\"gb-headline gb-headline-3ae8bc0b gb-headline-text\"><a href=\"https:\/\/www.connectafibra.cat\/\" data-type=\"URL\">www.connectafibra.cat<\/a><\/p>\n\n<\/div><\/div><\/div>\n\n<div class=\"gb-grid-column gb-grid-column-ddb7d460\"><div class=\"gb-container gb-container-ddb7d460\"><div class=\"gb-inside-container\">\n\n<h2 class=\"gb-headline gb-headline-2f00d505\"><span class=\"gb-icon\"><svg aria-hidden=\"true\" role=\"img\" height=\"1em\" width=\"1em\" viewBox=\"0 0 512 512\" xmlns=\"http:\/\/www.w3.org\/2000\/svg\"><path fill=\"currentColor\" d=\"M493.4 24.6l-104-24c-11.3-2.6-22.9 3.3-27.5 13.9l-48 112c-4.2 9.8-1.4 21.3 6.9 28l60.6 49.6c-36 76.7-98.9 140.5-177.2 177.2l-49.6-60.6c-6.8-8.3-18.2-11.1-28-6.9l-112 48C3.9 366.5-2 378.1.6 389.4l24 104C27.1 504.2 36.7 512 48 512c256.1 0 464-207.5 464-464 0-11.2-7.7-20.9-18.6-23.4z\"><\/path><\/svg><\/span><span class=\"gb-headline-text\">Tel\u00e8fon<\/span><\/h2>\n\n\n\n<p class=\"gb-headline gb-headline-a03153c4 gb-headline-text\">93 874 81 70<\/p>\n\n<\/div><\/div><\/div>\n\n<div class=\"gb-grid-column gb-grid-column-fe3e0176\"><div class=\"gb-container gb-container-fe3e0176\"><div class=\"gb-inside-container\">\n\n<h2 class=\"gb-headline gb-headline-7cd10073\"><span class=\"gb-icon\"><svg aria-hidden=\"true\" role=\"img\" height=\"1em\" width=\"1em\" viewBox=\"0 0 512 512\" xmlns=\"http:\/\/www.w3.org\/2000\/svg\"><path fill=\"currentColor\" d=\"M464 64H48C21.49 64 0 85.49 0 112v288c0 26.51 21.49 48 48 48h416c26.51 0 48-21.49 48-48V112c0-26.51-21.49-48-48-48zm0 48v40.805c-22.422 18.259-58.168 46.651-134.587 106.49-16.841 13.247-50.201 45.072-73.413 44.701-23.208.375-56.579-31.459-73.413-44.701C106.18 199.465 70.425 171.067 48 152.805V112h416zM48 400V214.398c22.914 18.251 55.409 43.862 104.938 82.646 21.857 17.205 60.134 55.186 103.062 54.955 42.717.231 80.509-37.199 103.053-54.947 49.528-38.783 82.032-64.401 104.947-82.653V400H48z\"><\/path><\/svg><\/span><span class=\"gb-headline-text\">Email<\/span><\/h2>\n\n\n\n<p class=\"gb-headline gb-headline-8d0c73ba gb-headline-text\">info@connectafibra.cat<\/p>\n\n<\/div><\/div><\/div>\n<\/div>\n\n<div class=\"gb-grid-wrapper gb-grid-wrapper-b0a6e7ff\">\n<div class=\"gb-grid-column gb-grid-column-bb398adf\"><div class=\"gb-container gb-container-bb398adf\"><div class=\"gb-inside-container\">\n\n<figure class=\"wp-block-image size-large is-resized\"><img loading=\"lazy\" decoding=\"async\" src=\"https:\/\/www.blaudisseny.cat\/wp-content\/uploads\/2021\/06\/Blau_logo_fons_blanc-02-776x1024.png\" alt=\"\" class=\"wp-image-4986\" width=\"164\" height=\"226\"\/><\/figure>\n\n<\/div><\/div><\/div>\n\n<div class=\"gb-grid-column gb-grid-column-1cde0164\"><div class=\"gb-container gb-container-1cde0164\"><div class=\"gb-inside-container\">\n\n<h2 class=\"gb-headline gb-headline-e1b7f5d1 gb-headline-text\">blau disseny<\/h2>\n\n\n\n<p class=\"gb-headline gb-headline-f9daf752 gb-headline-text\">Blau Disseny \u00e9s un departament del grup Globalcat centrat en el hosting i el disseny web per tal de donar sortida a les necessitats a les diferents empreses propies. <\/p>\n\n\n\n<h4 class=\"gb-headline gb-headline-8d56cd43 gb-headline-text\">Serveis<\/h4>\n\n\n\n<p class=\"gb-headline gb-headline-04ace16e gb-headline-text\"><span style=\"color:#0071ce\" class=\"has-inline-color\"><strong>&gt;<\/strong> <\/span>Disseny i desenvolupament web<br><span style=\"color:#0071ce\" class=\"has-inline-color\"><strong>&gt;<\/strong> <\/span>Dominis<br><span style=\"color:#0071ce\" class=\"has-inline-color\"><strong>&gt;<\/strong> <\/span>Correu empresarial<\/p>\n\n<\/div><\/div><\/div>\n<\/div>\n\n<div class=\"gb-grid-wrapper gb-grid-wrapper-f2d1d408\">\n<div class=\"gb-grid-column gb-grid-column-25207983\"><div class=\"gb-container gb-container-25207983\"><div class=\"gb-inside-container\">\n\n<h4 class=\"gb-headline gb-headline-d48aafb6 gb-headline-text\"><\/h4>\n\n\n\n<p class=\"gb-headline gb-headline-a924e847 gb-headline-text\"><\/p>\n\n<\/div><\/div><\/div>\n\n<div class=\"gb-grid-column gb-grid-column-16be6570\"><div class=\"gb-container gb-container-16be6570\"><div class=\"gb-inside-container\">\n\n<h2 class=\"gb-headline gb-headline-f45bf3c1\"><span class=\"gb-icon\"><svg aria-hidden=\"true\" role=\"img\" height=\"1em\" width=\"1em\" viewBox=\"0 0 512 512\" xmlns=\"http:\/\/www.w3.org\/2000\/svg\"><path fill=\"currentColor\" d=\"M256 56c110.532 0 200 89.451 200 200 0 110.532-89.451 200-200 200-110.532 0-200-89.451-200-200 0-110.532 89.451-200 200-200m0-48C119.033 8 8 119.033 8 256s111.033 248 248 248 248-111.033 248-248S392.967 8 256 8zm0 168c-44.183 0-80 35.817-80 80s35.817 80 80 80 80-35.817 80-80-35.817-80-80-80z\"><\/path><\/svg><\/span><span class=\"gb-headline-text\">Web<\/span><\/h2>\n\n\n\n<p class=\"gb-headline gb-headline-20fd9505 gb-headline-text\"><a href=\"https:\/\/www.blaudisseny.cat\" data-type=\"URL\" data-id=\"www.blaudisseny.cat\">www.blaudisseny.cat<\/a><\/p>\n\n<\/div><\/div><\/div>\n\n<div class=\"gb-grid-column gb-grid-column-3c843a9b\"><div class=\"gb-container gb-container-3c843a9b\"><div class=\"gb-inside-container\">\n\n<h2 class=\"gb-headline gb-headline-0ec492cd\"><span class=\"gb-icon\"><svg aria-hidden=\"true\" role=\"img\" height=\"1em\" width=\"1em\" viewBox=\"0 0 512 512\" xmlns=\"http:\/\/www.w3.org\/2000\/svg\"><path fill=\"currentColor\" d=\"M493.4 24.6l-104-24c-11.3-2.6-22.9 3.3-27.5 13.9l-48 112c-4.2 9.8-1.4 21.3 6.9 28l60.6 49.6c-36 76.7-98.9 140.5-177.2 177.2l-49.6-60.6c-6.8-8.3-18.2-11.1-28-6.9l-112 48C3.9 366.5-2 378.1.6 389.4l24 104C27.1 504.2 36.7 512 48 512c256.1 0 464-207.5 464-464 0-11.2-7.7-20.9-18.6-23.4z\"><\/path><\/svg><\/span><span class=\"gb-headline-text\">Tel\u00e8fon<\/span><\/h2>\n\n\n\n<p class=\"gb-headline gb-headline-a6d68c55 gb-headline-text\">93 877 69 00<\/p>\n\n<\/div><\/div><\/div>\n\n<div class=\"gb-grid-column gb-grid-column-f2165cf9\"><div class=\"gb-container gb-container-f2165cf9\"><div class=\"gb-inside-container\">\n\n<h2 class=\"gb-headline gb-headline-057d2bb9\"><span class=\"gb-icon\"><svg aria-hidden=\"true\" role=\"img\" height=\"1em\" width=\"1em\" viewBox=\"0 0 512 512\" xmlns=\"http:\/\/www.w3.org\/2000\/svg\"><path fill=\"currentColor\" d=\"M464 64H48C21.49 64 0 85.49 0 112v288c0 26.51 21.49 48 48 48h416c26.51 0 48-21.49 48-48V112c0-26.51-21.49-48-48-48zm0 48v40.805c-22.422 18.259-58.168 46.651-134.587 106.49-16.841 13.247-50.201 45.072-73.413 44.701-23.208.375-56.579-31.459-73.413-44.701C106.18 199.465 70.425 171.067 48 152.805V112h416zM48 400V214.398c22.914 18.251 55.409 43.862 104.938 82.646 21.857 17.205 60.134 55.186 103.062 54.955 42.717.231 80.509-37.199 103.053-54.947 49.528-38.783 82.032-64.401 104.947-82.653V400H48z\"><\/path><\/svg><\/span><span class=\"gb-headline-text\">Email<\/span><\/h2>\n\n\n\n<p class=\"gb-headline gb-headline-5d8fb8e8 gb-headline-text\">info@blaudisseny.cat<\/p>\n\n<\/div><\/div><\/div>\n<\/div>\n\n\n<p><\/p>\n","protected":false},"excerpt":{"rendered":"<p>Grup Globalcat (Comunicacions Globals de Catalunya S.L.) \u00e9s un grup d&#8217;empreses de la catalunya central amb m\u00e9s de 30 anys d&#8217;experi\u00e8ncia en l&#8217;\u00e0mbit de les telecomunicacions, la connectivitat, la telefonia m\u00f2bil i el disseny. Disposem de xarxa propia i d&#8217;un equip professional altament qualificat per donar resposta de qualitat a les seves necessitats empresarials, ja &#8230; <a title=\"Grup Globalcat\" class=\"read-more\" href=\"https:\/\/www.blaudisseny.cat\/index.php\/grup-globalcat\/\" aria-label=\"M\u00e1s en Grup Globalcat\">Leer m\u00e1s<\/a><\/p>\n","protected":false},"author":1,"featured_media":0,"parent":0,"menu_order":0,"comment_status":"closed","ping_status":"closed","template":"","meta":{"footnotes":""},"class_list":["post-4937","page","type-page","status-publish"],"_links":{"self":[{"href":"https:\/\/www.blaudisseny.cat\/index.php\/wp-json\/wp\/v2\/pages\/4937","targetHints":{"allow":["GET"]}}],"collection":[{"href":"https:\/\/www.blaudisseny.cat\/index.php\/wp-json\/wp\/v2\/pages"}],"about":[{"href":"https:\/\/www.blaudisseny.cat\/index.php\/wp-json\/wp\/v2\/types\/page"}],"author":[{"embeddable":true,"href":"https:\/\/www.blaudisseny.cat\/index.php\/wp-json\/wp\/v2\/users\/1"}],"replies":[{"embeddable":true,"href":"https:\/\/www.blaudisseny.cat\/index.php\/wp-json\/wp\/v2\/comments?post=4937"}],"version-history":[{"count":43,"href":"https:\/\/www.blaudisseny.cat\/index.php\/wp-json\/wp\/v2\/pages\/4937\/revisions"}],"predecessor-version":[{"id":5238,"href":"https:\/\/www.blaudisseny.cat\/index.php\/wp-json\/wp\/v2\/pages\/4937\/revisions\/5238"}],"wp:attachment":[{"href":"https:\/\/www.blaudisseny.cat\/index.php\/wp-json\/wp\/v2\/media?parent=4937"}],"curies":[{"name":"wp","href":"https:\/\/api.w.org\/{rel}","templated":true}]}}