{"id":4766,"date":"2021-06-25T08:08:08","date_gmt":"2021-06-25T08:08:08","guid":{"rendered":"https:\/\/www.blaudisseny.cat\/blaudisseny.cat\/gestio.ftp\/?page_id=4766"},"modified":"2021-06-28T11:12:57","modified_gmt":"2021-06-28T11:12:57","slug":"4766-2","status":"publish","type":"page","link":"https:\/\/www.blaudisseny.cat\/index.php\/4766-2\/","title":{"rendered":"Pol\u00edtica de privacitat"},"content":{"rendered":"\n<h2 class=\"gb-headline gb-headline-82e7ed04 gb-headline-text\">Pol\u00edtica de privacitat<\/h2>\n\n\n\n<p class=\"gb-headline gb-headline-a036d5c9 gb-headline-text\"><strong><span style=\"color:#0071ce\" class=\"has-inline-color\">Reglament General de Protecci\u00f3 de Dades (RGPD)<\/span><\/strong><\/p>\n\n\n\n<p class=\"gb-headline gb-headline-b4caebc3 gb-headline-text\">En aplicaci\u00f3 del nou Reglament de Protecci\u00f3 de Dades l&#8217;informem del seg\u00fcent:<\/p>\n\n\n\n<p class=\"gb-headline gb-headline-0b927eaf gb-headline-text\"><strong><span style=\"color:#0071ce\" class=\"has-inline-color\">1) Responsable del tractament de dades:<\/span><\/strong><\/p>\n\n\n\n<p class=\"gb-headline gb-headline-a4306d1c gb-headline-text\">Comunicacions Global de Catalunya, S.L. (Globalcat)<br>Passeig Pere III, 96 entl. D<br>08241 &#8211; Manresa (Barcelona)<br>T. 93 877 69 00 &#8211; E-mail: info@globalcat.net<\/p>\n\n\n\n<p class=\"gb-headline gb-headline-14318af5 gb-headline-text\"><strong><span style=\"color:#0071ce\" class=\"has-inline-color\">2) Finalitat del tractament de dades:<\/span><\/strong><\/p>\n\n\n\n<p class=\"gb-headline gb-headline-a86a6cff gb-headline-text\">A Globalcat tractem la informaci\u00f3 que ens faciliten les persones interessades en la prestaci\u00f3 del servei i\/o l&#8217;enviament de publicitat en el cas que hagi donat el seu consentiment. <\/p>\n\n\n\n<p class=\"gb-headline gb-headline-5f11b86f gb-headline-text\"><strong><span style=\"color:#0071ce\" class=\"has-inline-color\">3) Temps de conservaci\u00f3 de les dades:<\/span><\/strong><\/p>\n\n\n\n<p class=\"gb-headline gb-headline-20f67461 gb-headline-text\">Les dades personals proporcionades es conservaran mentre es mantingui la presentaci\u00f3 del servei i\/o per a possibles responsabilitats legals i fiscals.<\/p>\n\n\n\n<p class=\"gb-headline gb-headline-e0d35805 gb-headline-text\"><strong><span style=\"color:#0071ce\" class=\"has-inline-color\">4) Legitimaci\u00f3 per al tractament de les dades:<\/span><\/strong><\/p>\n\n\n\n<p class=\"gb-headline gb-headline-a9dfeebd gb-headline-text\">La base legal per al tractament de les seves dades \u00e9s la presentaci\u00f3 del servei i\/o consentiment de l&#8217;interessat.<\/p>\n\n\n\n<p class=\"gb-headline gb-headline-24fe32cc gb-headline-text\"><strong><span style=\"color:#0071ce\" class=\"has-inline-color\">5) Destinataris de les seves dades:<\/span><\/strong><\/p>\n\n\n\n<p class=\"gb-headline gb-headline-a5770016 gb-headline-text\">Les dades no es comunicaran a tercers aliens a l&#8217;empresa excepte en els casos que hi hagi una obligaci\u00f3 legal o fiscal.<\/p>\n\n\n\n<p class=\"gb-headline gb-headline-1c5e9ab3 gb-headline-text\"><strong><span style=\"color:#0071ce\" class=\"has-inline-color\">6) Drets en facilitar-nos les seves dades:<\/span><\/strong><\/p>\n\n\n\n<p class=\"gb-headline gb-headline-72ec837b gb-headline-text\">L&#8217;usuari podr\u00e0 exercir els seus drets d&#8217;acc\u00e9s, rectificaci\u00f3, cancel\u00b7laci\u00f3, limitaci\u00f3 i oposici\u00f3 mitjan\u00e7ant carta o correu electr\u00f2nic a Globalcat.<\/p>\n\n\n\n<p class=\"gb-headline gb-headline-1aab4d4d gb-headline-text\"><strong><span style=\"color:#0071ce\" class=\"has-inline-color\">7) Dades obtingudes:<\/span><\/strong><\/p>\n\n\n\n<p class=\"gb-headline gb-headline-71ee7c6f gb-headline-text\">Les dades personals processades per Globalcat recollits mitjan\u00e7ant formulari, correu o compra de productes o serveis procedeixen de l&#8217;interessat.<br>Les categories de dades s\u00f3n: Dades d&#8217;identificaci\u00f3, direccions postals o electr\u00f2niques. No tractem amb dades especialment protegides.<\/p>\n\n\n\n<p class=\"gb-headline gb-headline-4817c557 gb-headline-text\"><strong><span style=\"color:#0071ce\" class=\"has-inline-color\">Llei org\u00e0nica de Protecci\u00f3 de Dades (LOPD)<\/span><\/strong><\/p>\n\n\n\n<p class=\"gb-headline gb-headline-8b64bc12 gb-headline-text\">En compliment de l&#8217;establert en la Lley Org\u00e0nica 15\/1999, de Protecci\u00f3 de Dades de Car\u00e0cter Personal, l&#8217;informem que la complementaci\u00f3 de qualsevol formulari existent en el lloc web www.blaudisseny.cat o enviant un correu electr\u00f2nic a qualsevol de les nostres b\u00fasties implica:<br>1-. Que les seves dades de car\u00e0cter personal seran tractades amb la m\u00e0xima confidencialitat i formaran part dels fitxers titularitat de Comunicacions Globals de Catalunya, S.L. (Globalcat) amb domicili a Passeig Pere III, 96, 08241 Manresa (Barcelona), per la seva gesti\u00f3 i donar resposta a aquests, aix\u00ed com per la gesti\u00f3 comercial que ens vincula, i l&#8217;enviament a trav\u00e9s d&#8217;email de les vendes que realitzen a www.blaudisseny.cat, per l&#8217;entrega de les compres i per l&#8217;enviament d&#8217;informaci\u00f3 sobre les ofertes que creem del teu inter\u00e8s.<br>2-. L&#8217;acceptaci\u00f3 d&#8217;aquesta pol\u00edtica de privacitat, aix\u00ed com l&#8217;autoritzaci\u00f3 a Globalcat per tal que tracti les dades personals que ens faciliti d&#8217;acord amb les finalitats indicades.<br>3-. El consentiment per la recepci\u00f3 de publicitat de productes i serveis de Globalcat i de tercers col\u00b7laboradors, en el cas que el client aix\u00ed ho expressi de forma volunt\u00e0ria mitjan\u00e7ant la marcaci\u00f3 de les corresponents caselles.<br>4-. El consentiment per la cessi\u00f3 de les seves dades als col\u00b7laboradors de Globalcat amb relaci\u00f3 a la contractaci\u00f3 de Serveis en els quals Globalcat interv\u00e9 exclusivament com intermediari. Correspon als clients l&#8217;actualitzaci\u00f3 de les seves pr\u00f2pies dades. En qualsevol moment, el client tindr\u00e0 el dret d&#8217;acc\u00e9s, rectificaci\u00f3, cancel\u00b7laci\u00f3, i oposici\u00f3 a totes les seves dades personals incloses en els diferents formularis d&#8217;alta. Per exercitar aquesta facultat el client haur\u00e0 de remetre un correu electr\u00f2nic a la seg\u00fcent direcci\u00f3 info@blaudisseny.cat. El client \u00e9s responsable de la veracitat de les dades i Globalcat no ser\u00e0 responsable de la inexactitud de les dades personals dels clients.<\/p>\n\n\n\n<p class=\"gb-headline gb-headline-de913095 gb-headline-text\">Conforme a la legislaci\u00f3 vigent en mat\u00e8ria de protecci\u00f3 de dades, Globalcat ha adoptat els nivells de seguretat adequats a les dades facilitades pels clients i a m\u00e9s a m\u00e9s, ha instal\u00b7lat tots els mitjans i mesures al seu abast per evitar la p\u00e8rdua, mal \u00fas, alteraci\u00f3, acc\u00e9s no autoritzat i extracci\u00f3 d&#8217;aquests. La cancel\u00b7laci\u00f3 de dades implica el bloqueig dels mateixos i que aquests no puguin ser tractats ni visualitzats per Globalcat ni cap tercer. Sense menyscapte de l&#8217;aqu\u00ed exposat, informem que alguna informaci\u00f3 podr\u00e0 ser conservada de forma bloquejada per part de Globalcat per al compliment de les seves obligacions legals, tal com responsabilitats contractuals i obligacions fiscals i tribut\u00e0ries. <\/p>\n","protected":false},"excerpt":{"rendered":"<p>Pol\u00edtica de privacitat Reglament General de Protecci\u00f3 de Dades (RGPD) En aplicaci\u00f3 del nou Reglament de Protecci\u00f3 de Dades l&#8217;informem del seg\u00fcent: 1) Responsable del tractament de dades: Comunicacions Global de Catalunya, S.L. (Globalcat)Passeig Pere III, 96 entl. D08241 &#8211; Manresa (Barcelona)T. 93 877 69 00 &#8211; E-mail: info@globalcat.net 2) Finalitat del tractament de dades: &#8230; <a title=\"Pol\u00edtica de privacitat\" class=\"read-more\" href=\"https:\/\/www.blaudisseny.cat\/index.php\/4766-2\/\" aria-label=\"M\u00e1s en Pol\u00edtica de privacitat\">Leer m\u00e1s<\/a><\/p>\n","protected":false},"author":1,"featured_media":0,"parent":0,"menu_order":0,"comment_status":"closed","ping_status":"closed","template":"","meta":{"footnotes":""},"class_list":["post-4766","page","type-page","status-publish"],"_links":{"self":[{"href":"https:\/\/www.blaudisseny.cat\/index.php\/wp-json\/wp\/v2\/pages\/4766","targetHints":{"allow":["GET"]}}],"collection":[{"href":"https:\/\/www.blaudisseny.cat\/index.php\/wp-json\/wp\/v2\/pages"}],"about":[{"href":"https:\/\/www.blaudisseny.cat\/index.php\/wp-json\/wp\/v2\/types\/page"}],"author":[{"embeddable":true,"href":"https:\/\/www.blaudisseny.cat\/index.php\/wp-json\/wp\/v2\/users\/1"}],"replies":[{"embeddable":true,"href":"https:\/\/www.blaudisseny.cat\/index.php\/wp-json\/wp\/v2\/comments?post=4766"}],"version-history":[{"count":5,"href":"https:\/\/www.blaudisseny.cat\/index.php\/wp-json\/wp\/v2\/pages\/4766\/revisions"}],"predecessor-version":[{"id":4775,"href":"https:\/\/www.blaudisseny.cat\/index.php\/wp-json\/wp\/v2\/pages\/4766\/revisions\/4775"}],"wp:attachment":[{"href":"https:\/\/www.blaudisseny.cat\/index.php\/wp-json\/wp\/v2\/media?parent=4766"}],"curies":[{"name":"wp","href":"https:\/\/api.w.org\/{rel}","templated":true}]}}