{"id":4749,"date":"2021-06-23T16:54:05","date_gmt":"2021-06-23T16:54:05","guid":{"rendered":"https:\/\/www.blaudisseny.cat\/blaudisseny.cat\/gestio.ftp\/?page_id=4749"},"modified":"2021-06-25T14:27:53","modified_gmt":"2021-06-25T14:27:53","slug":"avis-legal-aviso-legal","status":"publish","type":"page","link":"https:\/\/www.blaudisseny.cat\/index.php\/avis-legal-aviso-legal\/","title":{"rendered":"Av\u00eds legal"},"content":{"rendered":"\n<h4 class=\"gb-headline gb-headline-45776cfa gb-headline-text\">Web adaptada al Reglament General de Protecci\u00f3 de Dades Europea (RGPD)<\/h4>\n\n\n\n<p class=\"gb-headline gb-headline-9c9882f1 gb-headline-text\"><strong><span style=\"color:#0071ce\" class=\"has-inline-color\">Dades identificatives<br><\/span><\/strong>En compliment amb el deure d&#8217;informaci\u00f3 recollit en l&#8217;article 10 de la Llei 34\/2002, d&#8217;11 de Juliol, de Serveis de la Societat de la Informaci\u00f3 i del Comer\u00e7 Electr\u00f2nic, a continuaci\u00f3 es reflecteixen les seg\u00fcents dades: l&#8217;empresa titular de domini web \u00e9s Comunicacions Globals de Catalunya, S.L. (d&#8217;ara endavant Globalcat), amb domicili a aquest efecte en Passeig Pere III, 96 de Manresa, n\u00famero de C.I.F.: B-62835996 inscrita en el Registri Mercantil de Barcelona, Volum 34.828, Foli 120, Full B251291, inscripci\u00f3 1. Correu electr\u00f2nic de contacte: info@globalcat.net<\/p>\n\n\n\n<p class=\"gb-headline gb-headline-1a56868c gb-headline-text\"><strong><span style=\"color:#0071ce\" class=\"has-inline-color\">Condicions d&#8217;\u00das<\/span><br><\/strong>En compliment de la Llei 34\/2002, d&#8217;11 de Juliol, de serveis de la societat de la informaci\u00f3 i de comer\u00e7 electr\u00f2nic, Globalcat l&#8217;informa que \u00e9s titular del domini web. D&#8217;acord amb l&#8217;exig\u00e8ncia de l&#8217;article 10 de la citada Llei, Globalcat informa de les seg\u00fcents dades: El titular d&#8217;aquesta p\u00e0gina web \u00e9s Comunicacions Globals de Catalunya, S.L., amb CIF B-62835996 i domicili en Passeig Pere III, 96 de Manresa. L&#8217;adre\u00e7a de correu electr\u00f2nic de contacte amb l&#8217;empresa \u00e9s info@globalcat.net.<\/p>\n\n\n\n<p class=\"gb-headline gb-headline-2bb4aca3 gb-headline-text\"><strong><span style=\"color:#0071ce\" class=\"has-inline-color\">Usuari i R\u00e8gim de Responsabilitats<\/span><\/strong><br>La navegaci\u00f3, acc\u00e9s i \u00fas pel website de Globalcat confereix la condici\u00f3 d&#8217;usuari, per la qual s&#8217;accepten, des de la navegaci\u00f3 per les p\u00e0gines de Blau Disseny, totes les condicions d&#8217;\u00fas aqu\u00ed establertes sense perjudici de l&#8217;aplicaci\u00f3 de la corresponent normativa d&#8217;obligat compliment legal segons el cas. Les p\u00e0gines web de Blau Disseny proporcionen gran diversitat d&#8217;informaci\u00f3, serveis i dades. L&#8217;usuari assumeix la seva responsabilitat en l&#8217;\u00fas correcte del website. Aquesta responsabilitat s&#8217;estendr\u00e0 a:<br>La veracitat i actitud de les informacions aportades per l&#8217;usuari en els formularis estesos per Blau Disseny per a l&#8217;acc\u00e9s d&#8217;uns certs continguts o serveis oferts per les webs. Tamb\u00e9 ser\u00e0 responsable de l&#8217;\u00fas que li doni a les claus d&#8217;acc\u00e9s que hagi obtingut amb l&#8217;emplenament dels formularis esmentats. L&#8217;\u00fas de la informaci\u00f3, serveis i dades ofertes per Blau Disseny contr\u00e0riament als disposat per les presents condicions, la Llei, la moral, els bons costums o l&#8217;ordre p\u00fablic, o que de qualsevol altra manera puguin suposar lesi\u00f3 dels drets de tercers o del mateix funcionament del website.<\/p>\n\n\n\n<p class=\"gb-headline gb-headline-9d861313 gb-headline-text\"><strong><span style=\"color:#0071ce\" class=\"has-inline-color\">Pol\u00edtica d&#8217;Enlla\u00e7os i Exempcions de Responsabilitat<\/span><\/strong><br>Blau Disseny no es fa responsable del contingut de les p\u00e0gines web a les quals l&#8217;usuari pugui accedir a trav\u00e9s d&#8217;enlla\u00e7os establerts en el seu website i declara que en cap cas procedir\u00e0 a examinar o exercitar cap mena de control sobre el contingut d&#8217;altres p\u00e0gines de la xarxa.<br>Aix\u00ed mateix, tampoc garantir\u00e0 la disponibilitat t\u00e8cnica, exactitud, veracitat, validesa o legalitat de p\u00e0gines alienes a la seva propietat a les quals es pugui accedir per mitj\u00e0 dels enlla\u00e7os.<br>Blau Disseny declara haver adoptat totes les mesures necess\u00e0ries per a evitar qualsevol dany que, als usuaris del seu website, poguessin derivar-se de la navegaci\u00f3 per les seves p\u00e0gines web. En conseq\u00fc\u00e8ncia, Blau Disseny no fa responsable, en cap cas, dels eventuals danys que per la navegaci\u00f3 per Internet pogu\u00e9s sofrir l&#8217;usuari. Blau Disseny es reserva el dret a retirar tots aquells comentaris i aportacions que vulnerin el respecte a la dignitat de la persona, que siguin discriminatoris, xen\u00f2fobs, racistes, hom\u00f2fobs, pornogr\u00e0fics, que atemptin contra la joventut o la inf\u00e0ncia, l&#8217;ordre o la seguretat p\u00fablica o que, en el seu judici, no resultessin adequats per a la seva publicaci\u00f3. En qualsevol cas, Blau Disseny no ser\u00e0 responsable de les opinions abocades pels usuaris a trav\u00e9s dels f\u00f2rums, xats, o altres eines de participaci\u00f3.<\/p>\n\n\n\n<p class=\"gb-headline gb-headline-3ca50f10 gb-headline-text\"><strong><span style=\"color:#0071ce\" class=\"has-inline-color\">Modificacions<\/span><\/strong><br>Blau Disseny es reserva el dret a realitzar les modificacions que consideri oportunes, sense previ av\u00eds, en el contingut del seu website. Tant referent als continguts de la website, com en les condicions d&#8217;\u00fas de la mateixa o en les condicions generals de contractaci\u00f3. Aquestes modificacions podran realitzar-se, a trav\u00e9s del seu website, de qualsevol forma admissible en dret i seran d&#8217;obligat compliment durant el temps en qu\u00e8 es trobin publicades en la web i fins que no siguin modificades v\u00e0lidament per altres posteriors.<\/p>\n\n\n\n<p class=\"gb-headline gb-headline-0abe2686 gb-headline-text\"><strong><span style=\"color:#0071ce\" class=\"has-inline-color\">Reserva de Cookies<\/span><\/strong><br>Blau Disseny es reserva el dret a utilitzar cookies en la navegaci\u00f3 de l&#8217;usuari pel seu website per a facilitar la personalitzaci\u00f3 i comoditat de la navegaci\u00f3. Seguint la pol\u00edtica de protecci\u00f3 de dades de l&#8217;empresa, Blau Disseny informa que les cookies s&#8217;associen a l&#8217;usuari an\u00f2nim i al seu ordinador, i no proporcionen per s\u00ed el nom i cognoms de l&#8217;usuari.<br>L&#8217;usuari t\u00e9 la possibilitat de configurar el seu navegador de manera que se l&#8217;informi de la recepci\u00f3 de cookies, podent, si aix\u00ed ho desitja, impedir que siguin instal\u00b7lades en el seu disc dur. No obstant aix\u00f2, per a l&#8217;acc\u00e9s a la website de Blau Disseny no ser\u00e0 preceptiva la instal\u00b7laci\u00f3 de cookies. <\/p>\n\n\n\n<p class=\"gb-headline gb-headline-e0c76c2a gb-headline-text\"><strong><span style=\"color:#0071ce\" class=\"has-inline-color\">Serveis de Contractaci\u00f3 per Internet<\/span><\/strong><br>Certs continguts de la website de Blau Disseny contenen la possibilitat de contractaci\u00f3 per internet. L&#8217;\u00fas dels mateixos requerir\u00e0 la lectura i acceptaci\u00f3 obligat\u00f2ria de les condicions generals de contractaci\u00f3 establertes a aquest efecte per Globalcat.<\/p>\n\n\n\n<p class=\"gb-headline gb-headline-42fc308b gb-headline-text\"><strong><span style=\"color:#0071ce\" class=\"has-inline-color\">Protecci\u00f3 de Dades<\/span><\/strong><br>De conformitat amb el que estableix la Llei org\u00e0nica 15\/1999 de Protecci\u00f3 de Dades de Car\u00e0cter Personal, Blau Disseny informa els usuaris del seu website que les dades personals recaptades per l&#8217;empresa mitjan\u00e7ant els formularis situats en les seves p\u00e0gines, seran introdu\u00efts en un fitxer automatitzat sota la responsabilitat de Globalcat, amb la finalitat de poder facilitar, agilitar i complir els compromisos establerts entre totes dues parts.<br>Aix\u00ed mateix, Globalcat informa de la possibilitat d&#8217;exercir els drets d&#8217;acc\u00e9s, cancel\u00b7laci\u00f3, rectificaci\u00f3 i oposici\u00f3 mitjan\u00e7ant un escrit a l&#8217;adre\u00e7a Comunicacions globals de Catalunya, S.L.; Passeig Pere III, 96, 08241, Manresa (Barcelona).<br>Mentre no ens comuniqui el contrari, entendrem que les seves dades no han estat modificades, que vost\u00e8 es compromet a notificar-nos qualsevol variaci\u00f3 i que tenim el consentiment per a utilitzar-los a fi de poder fidelizar la relaci\u00f3 entre les parts.<\/p>\n\n\n\n<p class=\"gb-headline gb-headline-b11c6d5c gb-headline-text\"><strong><span style=\"color:#0071ce\" class=\"has-inline-color\">Propietat intel\u00b7lectual<\/span><\/strong><br>Els drets de propietat intel\u00b7lectual i industrial derivats de tots els textos, imatges, aix\u00ed com dels mitjans i formes de presentaci\u00f3 i muntatge de les seves p\u00e0gines pertanyen, per si o com a cession\u00e0ria a Globalcat. Seran, per conseg\u00fcent, obres protegides com a propietat intel\u00b7lectual per l&#8217;ordenament jur\u00eddic espanyol, <br>sent-los aplicables tant la normativa espanyola i comunit\u00e0ria en aquest camp, com els tractats internacionals relatius a la mat\u00e8ria i subscrits per Espanya.<br>Tots els drets reservats. En compliment de la Llei de Propietat Intel\u00b7lectual es prohibeix expressament la reproducci\u00f3, distribuci\u00f3, comunicaci\u00f3 p\u00fablica i utilitzaci\u00f3, de la totalitat o part dels continguts de les seves p\u00e0gines web sense el consentiment expr\u00e9s de Globalcat.<\/p>\n\n\n\n<p class=\"gb-headline gb-headline-769bc3f0 gb-headline-text\"><strong><span style=\"color:#0071ce\" class=\"has-inline-color\">Accions legals, Legislaci\u00f3 Aplicable i Jurisdicci\u00f3<\/span><\/strong><br>Globalcat es reserva aix\u00ed mateix la facultat de presentar les accions civils o penals que consideri oportunes per la utilitzaci\u00f3 indeguda de les seves p\u00e0gines web i continguts o per l&#8217;incompliment de les presents condicions.<br>La relaci\u00f3 entre l&#8217;usuari i Globalcat es regir\u00e0 per la normativa espanyola vigent i seran competents per a decidir sobre qualsevol controv\u00e8rsia que es pogu\u00e9s suscitar entre l&#8217;usuari i Globalcat, els jutjats o tribunals propis de la localitat de Manresa.<\/p>\n","protected":false},"excerpt":{"rendered":"<p>Web adaptada al Reglament General de Protecci\u00f3 de Dades Europea (RGPD) Dades identificativesEn compliment amb el deure d&#8217;informaci\u00f3 recollit en l&#8217;article 10 de la Llei 34\/2002, d&#8217;11 de Juliol, de Serveis de la Societat de la Informaci\u00f3 i del Comer\u00e7 Electr\u00f2nic, a continuaci\u00f3 es reflecteixen les seg\u00fcents dades: l&#8217;empresa titular de domini web \u00e9s Comunicacions &#8230; <a title=\"Av\u00eds legal\" class=\"read-more\" href=\"https:\/\/www.blaudisseny.cat\/index.php\/avis-legal-aviso-legal\/\" aria-label=\"M\u00e1s en Av\u00eds legal\">Leer m\u00e1s<\/a><\/p>\n","protected":false},"author":1,"featured_media":0,"parent":0,"menu_order":0,"comment_status":"closed","ping_status":"closed","template":"","meta":{"footnotes":""},"class_list":["post-4749","page","type-page","status-publish"],"_links":{"self":[{"href":"https:\/\/www.blaudisseny.cat\/index.php\/wp-json\/wp\/v2\/pages\/4749","targetHints":{"allow":["GET"]}}],"collection":[{"href":"https:\/\/www.blaudisseny.cat\/index.php\/wp-json\/wp\/v2\/pages"}],"about":[{"href":"https:\/\/www.blaudisseny.cat\/index.php\/wp-json\/wp\/v2\/types\/page"}],"author":[{"embeddable":true,"href":"https:\/\/www.blaudisseny.cat\/index.php\/wp-json\/wp\/v2\/users\/1"}],"replies":[{"embeddable":true,"href":"https:\/\/www.blaudisseny.cat\/index.php\/wp-json\/wp\/v2\/comments?post=4749"}],"version-history":[{"count":9,"href":"https:\/\/www.blaudisseny.cat\/index.php\/wp-json\/wp\/v2\/pages\/4749\/revisions"}],"predecessor-version":[{"id":4819,"href":"https:\/\/www.blaudisseny.cat\/index.php\/wp-json\/wp\/v2\/pages\/4749\/revisions\/4819"}],"wp:attachment":[{"href":"https:\/\/www.blaudisseny.cat\/index.php\/wp-json\/wp\/v2\/media?parent=4749"}],"curies":[{"name":"wp","href":"https:\/\/api.w.org\/{rel}","templated":true}]}}