{"id":3562,"date":"2020-09-18T14:37:23","date_gmt":"2020-09-18T14:37:23","guid":{"rendered":"https:\/\/gpsites.co\/wired\/?page_id=3562"},"modified":"2021-07-05T11:56:41","modified_gmt":"2021-07-05T11:56:41","slug":"contact","status":"publish","type":"page","link":"https:\/\/www.blaudisseny.cat\/index.php\/contact\/","title":{"rendered":"Contacte"},"content":{"rendered":"<div class=\"gb-container gb-container-6e6e88d5\"><div class=\"gb-inside-container\">\n\n<h2 class=\"gb-headline gb-headline-5438fb7d gb-headline-text\">Contacta amb nosaltres<\/h2>\n\n\n\n<p class=\"has-normal-font-size\">T&#8217;interessa alg\u00fan dels nostres serveis?<br>Posa&#8217;t en contacte amb nosaltres. Farem un estudi de les teves necessitats i et respondrem tan aviat com ens sigui possible.<\/p>\n\n<\/div><\/div>\n\n<div class=\"gb-grid-column gb-grid-column-2ab54ad4\"><div class=\"gb-container gb-container-2ab54ad4\"><div class=\"gb-inside-container\">\n<div class=\"gb-container gb-container-a54369ee alignwide\"><div class=\"gb-inside-container\">\n\t\t\t<link rel=\"stylesheet\" property=\"stylesheet\" href=\"https:\/\/www.blaudisseny.cat\/wp-content\/plugins\/happyforms\/bundles\/css\/frontend.css\" \/>\n\t\t\t\t<!-- HappyForms CSS variables -->\n\t<style>\n\t#happyforms-4725 {\n\t\t--happyforms-part-title-font-size: 15px;\n--happyforms-part-description-font-size: 12px;\n--happyforms-part-value-font-size: 14px;\n--happyforms-submit-button-font-size: 16px;\n--happyforms-color-primary: #ffffff;\n--happyforms-color-success-notice: #ffffff;\n--happyforms-color-success-notice-text: #0071ce;\n--happyforms-color-error: #ffffff;\n--happyforms-color-error-notice: #ffffff;\n--happyforms-color-error-notice-text: #f23000;\n--happyforms-color-part-title: #ffffff;\n--happyforms-color-part-value: #0a2240;\n--happyforms-color-part-placeholder: #0a2240;\n--happyforms-color-part-description: #0a2240;\n--happyforms-color-part-border: #f4f4f4;\n--happyforms-color-part-border-focus: #f4f4f4;\n--happyforms-color-part-background: #f4f4f4;\n--happyforms-color-part-background-focus: #f4f4f4;\n--happyforms-color-submit-background: #6aaae4;\n--happyforms-color-submit-background-hover: #6aaae4;\n--happyforms-color-submit-border: #ffffff;\n--happyforms-color-submit-text: #ffffff;\n--happyforms-color-submit-text-hover: #0071ce;\n--happyforms-color-table-row-odd: #fcfcfc;\n--happyforms-color-table-row-even: #efefef;\n--happyforms-color-table-row-odd-text: #000000;\n--happyforms-color-table-row-even-text: #000000;\n--happyforms-color-dropdown-item-bg: #ffffff;\n--happyforms-color-dropdown-item-text: #0a2240;\n--happyforms-color-dropdown-item-bg-hover: #f4f4f5;\n--happyforms-color-dropdown-item-text-hover: #0a2240;\n--happyforms-color-divider-hr: #cccccc;\n--happyforms-color-choice-checkmark-bg: #ffffff;\n--happyforms-color-choice-checkmark-bg-focus: #000000;\n--happyforms-color-choice-checkmark-color: #ffffff;\n\t}\n\t<\/style>\n\t<!-- End of HappyForms CSS variables -->\n\t\t<!-- HappyForms Additional CSS -->\n\t<style data-happyforms-additional-css>\n\t#happyforms-4725 .happyforms-button--submit{ letter-spacing: 0.2em; padding: 14px 22px} \t<\/style>\n\t<!-- End of HappyForms Additional CSS -->\n\t\t\t<link rel=\"stylesheet\" type=\"text\/css\" href=\"https:\/\/www.blaudisseny.cat\/wp-content\/plugins\/happyforms\/core\/assets\/css\/no-interaction.css\">\n\t\t<div class=\"happyforms-form happyforms-styles happyforms-form--part-border-off happyforms-form--submit-button-border-hide happyforms-form--submit-button-bold happyforms-form--submit-button-align-right\" id=\"happyforms-4725\">\n\t\t\n\t<form action=\"\" id=\"happyforms-form-4725\" method=\"post\" novalidate=\"true\" autocomplete=\"off\">\n\t\t\t\t<input type=\"hidden\" name=\"happyforms_random_seed\" value=\"2287227461\" \/>\n\t\t\n\t\t\t<input type=\"hidden\" name=\"action\" value=\"happyforms_message\">\n\t\t\t\t<input type=\"hidden\" name=\"client_referer\" value=\"\">\n\t\t\t\t<input type=\"hidden\" name=\"current_post_id\" value=\"\">\n\t\t\t\t<input type=\"hidden\" name=\"happyforms_form_id\" value=\"4725\" \/>\n\t\t\t\t<input type=\"hidden\" name=\"happyforms_step\" value=\"0\" \/>\n\t\n\t\t<div class=\"happyforms-flex\">\n\t\t\t\t<label for=\"4725-single_line_text\" class=\"screen-reader-text\">Leave this field blank<\/label>\n\t<input type=\"text\" id=\"4725-single_line_text\" name=\"4725-single_line_text\" style=\"display: none;\" tabindex=\"-1\" autocomplete=\"off\" aria-hidden=\"true\">\n\t\t\t\t\t\t\t\t\t\t<div class=\"happyforms-form__part happyforms-part happyforms-part--single_line_text happyforms-part--width-third happyforms-part--label-show\" id=\"happyforms-4725_single_line_text_1-part\" data-happyforms-type=\"single_line_text\" data-happyforms-id=\"single_line_text_1\" data-happyforms-required=\"\">\n\t<div class=\"happyforms-part-wrap\">\n\t\t\n\t\t\t\t\t\t<div class=\"happyforms-part__label-container\">\n\t\t\t\t<label for=\"happyforms-4725_single_line_text_1\" class=\"happyforms-part__label\">\n\t\t\t<span class=\"label\">Nom i cognoms*<\/span>\n\t\t\t\t\t\t\t\t\t\t<span class=\"happyforms-required\"><\/span>\n\t\t\t\t\t\t\t\t\t\t<span class=\"happyforms-optional\">(opcional)<\/span>\n\t\t\t\t\t<\/label>\n\t\t\t<\/div>\n\t\t\t\n\t\t\n\t\t<div class=\"happyforms-part__el\">\n\t\t\t\n\t\t\t\n\t\t\t<div class=\"happyforms-input\">\n\t\t\t\t\n\t\t\t\t<input id=\"happyforms-4725_single_line_text_1\" type=\"text\" name=\"4725_single_line_text_1\" value=\"\" placeholder=\"\" autocomplete=\"off\" spellcheck=\"false\"  autocorrect=\"off\" \/>\n\t\t\t\t\t\t\t<\/div>\n\n\t\t\t\n\t\t\t\n\t\t\t\t\t<\/div>\n\t<\/div>\n<\/div>\n<div class=\"happyforms-part--with-autocomplete happyforms-form__part happyforms-part happyforms-part--email happyforms-part--width-third happyforms-part--label-show\" id=\"happyforms-4725_email_5-part\" data-happyforms-type=\"email\" data-happyforms-id=\"email_5\" data-happyforms-required=\"\">\n\t\t<div class=\"happyforms-part-wrap\">\n\t\t\t\t\t\t<div class=\"happyforms-part__label-container\">\n\t\t\t\t<label for=\"happyforms-4725_email_5\" class=\"happyforms-part__label\">\n\t\t\t<span class=\"label\">Correu eletr\u00f2nic*<\/span>\n\t\t\t\t\t\t\t\t\t\t<span class=\"happyforms-required\"><\/span>\n\t\t\t\t\t\t\t\t\t\t<span class=\"happyforms-optional\">(opcional)<\/span>\n\t\t\t\t\t<\/label>\n\t\t\t<\/div>\n\t\t\t\n\t\t\n\t\t<div class=\"happyforms-part__el\">\n\t\t\t\n\t\t\t\n\t\t\t<div class=\"happyforms-input\">\n\t\t\t\t<input type=\"email\" name=\"4725_email_5\" id=\"happyforms-4725_email_5\" value=\"\" placeholder=\"\" autocomplete=\"off\" spellcheck=\"false\"  autocorrect=\"off\" \/>\n\t\t\t\t\t\t\t<\/div>\n\n\t\t\t\n\t\t\t\n\t\t\t\t\t<\/div>\n\t<\/div>\n<\/div>\n<div class=\"happyforms-form__part happyforms-part happyforms-part--single_line_text happyforms-part--width-third happyforms-part--label-show\" id=\"happyforms-4725_single_line_text_3-part\" data-happyforms-type=\"single_line_text\" data-happyforms-id=\"single_line_text_3\" data-happyforms-required=\"\">\n\t<div class=\"happyforms-part-wrap\">\n\t\t\n\t\t\t\t\t\t<div class=\"happyforms-part__label-container\">\n\t\t\t\t<label for=\"happyforms-4725_single_line_text_3\" class=\"happyforms-part__label\">\n\t\t\t<span class=\"label\">Tel\u00e8fon de contacte*<\/span>\n\t\t\t\t\t\t\t\t\t\t<span class=\"happyforms-required\"><\/span>\n\t\t\t\t\t\t\t\t\t\t<span class=\"happyforms-optional\">(opcional)<\/span>\n\t\t\t\t\t<\/label>\n\t\t\t<\/div>\n\t\t\t\n\t\t\n\t\t<div class=\"happyforms-part__el\">\n\t\t\t\n\t\t\t\n\t\t\t<div class=\"happyforms-input\">\n\t\t\t\t\n\t\t\t\t<input id=\"happyforms-4725_single_line_text_3\" type=\"text\" name=\"4725_single_line_text_3\" value=\"\" placeholder=\"\" autocomplete=\"off\" spellcheck=\"false\"  autocorrect=\"off\" \/>\n\t\t\t\t\t\t\t<\/div>\n\n\t\t\t\n\t\t\t\n\t\t\t\t\t<\/div>\n\t<\/div>\n<\/div>\n<div class=\"happyforms-form__part happyforms-part happyforms-part--single_line_text happyforms-part--width-third happyforms-part--label-show\" id=\"happyforms-4725_single_line_text_6-part\" data-happyforms-type=\"single_line_text\" data-happyforms-id=\"single_line_text_6\">\n\t<div class=\"happyforms-part-wrap\">\n\t\t\n\t\t\t\t\t\t<div class=\"happyforms-part__label-container\">\n\t\t\t\t<label for=\"happyforms-4725_single_line_text_6\" class=\"happyforms-part__label\">\n\t\t\t<span class=\"label\">Nom de l&#039;empresa<\/span>\n\t\t\t\t\t\t\t\t\t\t<span class=\"happyforms-required\"><\/span>\n\t\t\t\t\t\t\t\t\t\t<span class=\"happyforms-optional\">(opcional)<\/span>\n\t\t\t\t\t<\/label>\n\t\t\t<\/div>\n\t\t\t\n\t\t\n\t\t<div class=\"happyforms-part__el\">\n\t\t\t\n\t\t\t\n\t\t\t<div class=\"happyforms-input\">\n\t\t\t\t\n\t\t\t\t<input id=\"happyforms-4725_single_line_text_6\" type=\"text\" name=\"4725_single_line_text_6\" value=\"\" placeholder=\"\" autocomplete=\"off\" spellcheck=\"false\"  autocorrect=\"off\" \/>\n\t\t\t\t\t\t\t<\/div>\n\n\t\t\t\n\t\t\t\n\t\t\t\t\t<\/div>\n\t<\/div>\n<\/div>\n<div class=\"happyforms-part-select--required happyforms-form__part happyforms-part happyforms-part--select happyforms-part--width-third happyforms-part--label-show\" id=\"happyforms-4725_select_7-part\" data-happyforms-type=\"select\" data-happyforms-id=\"select_7\" data-happyforms-required=\"\">\n\t<div class=\"happyforms-part-wrap\">\n\t\t\t<div class=\"happyforms-part__label-container\">\n\t\t\t\t<label for=\"happyforms-4725_select_7\" class=\"happyforms-part__label\">\n\t\t\t<span class=\"label\">Sel\u00b7lecciona el servei que necessites*<\/span>\n\t\t\t\t\t\t\t\t\t\t<span class=\"happyforms-required\"><\/span>\n\t\t\t\t\t\t\t\t\t\t<span class=\"happyforms-optional\">(opcional)<\/span>\n\t\t\t\t\t<\/label>\n\t\t\t<\/div>\n\t\n\t\t\n\t\t\t\t<div class=\"happyforms-part__el\">\n\t\t\t\t\t\t<div class=\"happyforms-custom-select\">\n\t\t\t\t<div class=\"happyforms-part__select-wrap\">\n\t\t\t\t\t\t\t\t\t\t<select name=\"4725_select_7\" data-serialize class='happyforms-select' required>\n\t\t\t\t\t\t\t<option disabled hidden  selected value='' class=\"happyforms-placeholder-option\">Escollir<\/option>\n\t\t\t\t\t\t\t\t\t\t\t\t\t\t\t\t\t\t\t\t\t\t\t\t\t<option value=\"0\"   id=\"select_7_option_1624439796088\">Domini <\/option>\n\t\t\t\t\t\t\t\t\t\t\t\t\t\t\t\t\t\t\t<option value=\"1\"   id=\"select_7_option_1624439805852\">Correu empresarial <\/option>\n\t\t\t\t\t\t\t\t\t\t\t\t\t\t\t\t\t\t\t<option value=\"2\"   id=\"select_7_option_1624439816506\">Web pres\u00e8ncia <\/option>\n\t\t\t\t\t\t\t\t\t\t\t\t\t\t\t\t\t\t\t<option value=\"3\"   id=\"select_7_option_1624439827956\">Web b\u00e0sica <\/option>\n\t\t\t\t\t\t\t\t\t\t\t\t\t\t\t\t\t\t\t<option value=\"4\"   id=\"select_7_option_1624439835874\">Web corporativa <\/option>\n\t\t\t\t\t\t\t\t\t\t\t\t\t\t\t\t\t\t\t<option value=\"5\"   id=\"select_7_option_1624439846536\">Botiga virtual <\/option>\n\t\t\t\t\t\t\t\t\t\t\t\t\t\t\t\t\t\t\t<option value=\"6\"   id=\"select_7_option_1624439861232\">Manteniment web <\/option>\n\t\t\t\t\t\t\t\t\t\t\t\t\t\t\t\t\t\t\t<option value=\"7\"   id=\"select_7_option_1624439923370\">No n&#039;estic segur\/a <\/option>\n\t\t\t\t\t\t\t\t\t\t\t\t\t\t\t\t\t\t\t\t\t\t\t<\/select>\n\t\t\t\t<\/div>\n\t\t\t<\/div>\n\n\t\t\t\n\t\t\t\n\t\t<\/div>\n\t<\/div>\n<\/div>\n<div class=\"happyforms-form__part happyforms-part happyforms-part--multi_line_text happyforms-part--width-full happyforms-part--label-show\" id=\"happyforms-4725_multi_line_text_4-part\" data-happyforms-type=\"multi_line_text\" data-happyforms-id=\"multi_line_text_4\" data-happyforms-required=\"\">\n\t<div class=\"happyforms-part-wrap\">\n\t\t\t\t\t\t<div class=\"happyforms-part__label-container\">\n\t\t\t\t<label for=\"happyforms-4725_multi_line_text_4\" class=\"happyforms-part__label\">\n\t\t\t<span class=\"label\">Missatge*<\/span>\n\t\t\t\t\t\t\t\t\t\t<span class=\"happyforms-required\"><\/span>\n\t\t\t\t\t\t\t\t\t\t<span class=\"happyforms-optional\">(opcional)<\/span>\n\t\t\t\t\t<\/label>\n\t\t\t<\/div>\n\t\t\t\n\t\t\n\t\t<div class=\"happyforms-part__el\">\n\t\t\t\n\t\t\t\t\t\t<textarea id=\"happyforms-4725_multi_line_text_4\" name=\"4725_multi_line_text_4\" rows=\"5\" placeholder=\"\" autocomplete=\"off\" spellcheck=\"false\" autocorrect=\"off\" ><\/textarea>\n\t\t\t\n\t\t\t\n\t\t\t\t\t<\/div>\n\t<\/div>\n<\/div>\n\t\t\t\t\t\t<div class=\"happyforms-form__part happyforms-part happyforms-part--submit\">\n\t\t<button type=\"submit\" class=\"happyforms-submit happyforms-button--submit \">DEMANAR PRESSUPOST<\/button>\n\t<\/div>\t\t<\/div>\n\n\t\t\t<\/form>\n\n\t<\/div>\n\n<\/div><\/div>\n<\/div><\/div><\/div>\n\n<div class=\"gb-container gb-container-cf521204\"><div class=\"gb-inside-container\">\n<div class=\"gb-grid-wrapper gb-grid-wrapper-19beeff2\">\n<div class=\"gb-grid-column gb-grid-column-e7e83895\"><div class=\"gb-container gb-container-e7e83895\"><div class=\"gb-inside-container\">\n\n<h4 class=\"gb-headline gb-headline-b8f6eaba\"><span class=\"gb-icon\"><svg aria-hidden=\"true\" role=\"img\" height=\"1em\" width=\"1em\" viewBox=\"0 0 512 512\" xmlns=\"http:\/\/www.w3.org\/2000\/svg\"><path fill=\"currentColor\" d=\"M493.4 24.6l-104-24c-11.3-2.6-22.9 3.3-27.5 13.9l-48 112c-4.2 9.8-1.4 21.3 6.9 28l60.6 49.6c-36 76.7-98.9 140.5-177.2 177.2l-49.6-60.6c-6.8-8.3-18.2-11.1-28-6.9l-112 48C3.9 366.5-2 378.1.6 389.4l24 104C27.1 504.2 36.7 512 48 512c256.1 0 464-207.5 464-464 0-11.2-7.7-20.9-18.6-23.4z\"><\/path><\/svg><\/span><span class=\"gb-headline-text\"><span style=\"color:#6aaae4\" class=\"has-inline-color\">Tel\u00e8fon<\/span><\/span><\/h4>\n\n\n\n<p class=\"gb-headline gb-headline-179433a8 gb-headline-text\"><span style=\"color:#6aaae4\" class=\"has-inline-color\">(+34) 93 877 69 00<\/span><\/p>\n\n<\/div><\/div><\/div>\n\n<div class=\"gb-grid-column gb-grid-column-473103d5\"><div class=\"gb-container gb-container-473103d5\"><div class=\"gb-inside-container\">\n\n<h4 class=\"gb-headline gb-headline-4496c335\"><span class=\"gb-icon\"><svg aria-hidden=\"true\" role=\"img\" height=\"1em\" width=\"1em\" viewBox=\"0 0 512 512\" xmlns=\"http:\/\/www.w3.org\/2000\/svg\"><path fill=\"currentColor\" d=\"M464 64H48C21.49 64 0 85.49 0 112v288c0 26.51 21.49 48 48 48h416c26.51 0 48-21.49 48-48V112c0-26.51-21.49-48-48-48zm0 48v40.805c-22.422 18.259-58.168 46.651-134.587 106.49-16.841 13.247-50.201 45.072-73.413 44.701-23.208.375-56.579-31.459-73.413-44.701C106.18 199.465 70.425 171.067 48 152.805V112h416zM48 400V214.398c22.914 18.251 55.409 43.862 104.938 82.646 21.857 17.205 60.134 55.186 103.062 54.955 42.717.231 80.509-37.199 103.053-54.947 49.528-38.783 82.032-64.401 104.947-82.653V400H48z\"><\/path><\/svg><\/span><span class=\"gb-headline-text\">Email<\/span><\/h4>\n\n\n\n<p class=\"gb-headline gb-headline-876d6022 gb-headline-text\"><span style=\"color:#6aaae4\" class=\"has-inline-color\">info@blaudisseny.cat<\/span><\/p>\n\n<\/div><\/div><\/div>\n\n<div class=\"gb-grid-column gb-grid-column-0a0b9cd6\"><div class=\"gb-container gb-container-0a0b9cd6\"><div class=\"gb-inside-container\">\n\n<h4 class=\"gb-headline gb-headline-2f2641eb\"><span class=\"gb-icon\"><svg aria-hidden=\"true\" role=\"img\" height=\"1em\" width=\"1em\" viewBox=\"0 0 384 512\" xmlns=\"http:\/\/www.w3.org\/2000\/svg\"><path fill=\"currentColor\" d=\"M172.268 501.67C26.97 291.031 0 269.413 0 192 0 85.961 85.961 0 192 0s192 85.961 192 192c0 77.413-26.97 99.031-172.268 309.67-9.535 13.774-29.93 13.773-39.464 0zM192 272c44.183 0 80-35.817 80-80s-35.817-80-80-80-80 35.817-80 80 35.817 80 80 80z\"><\/path><\/svg><\/span><span class=\"gb-headline-text\"><a href=\"https:\/\/goo.gl\/maps\/vJ91uJ7s7sgH8AT56\">Adre\u00e7a<\/a><\/span><\/h4>\n\n\n\n<p class=\"gb-headline gb-headline-405e6a58 gb-headline-text\"><a href=\"https:\/\/goo.gl\/maps\/vJ91uJ7s7sgH8AT56\">Passeig Pere III, 96 Entrl<br>08241 Manresa (Barcelona)<\/a><\/p>\n\n<\/div><\/div><\/div>\n\n<div class=\"gb-grid-column gb-grid-column-e6038d90\"><div class=\"gb-container gb-container-e6038d90\"><div class=\"gb-inside-container\">\n\n<h4 class=\"gb-headline gb-headline-5dff2f83\"><span class=\"gb-icon\"><svg aria-hidden=\"true\" role=\"img\" height=\"1em\" width=\"1em\" viewBox=\"0 0 512 512\" xmlns=\"http:\/\/www.w3.org\/2000\/svg\"><path fill=\"currentColor\" d=\"M256 8C119 8 8 119 8 256s111 248 248 248 248-111 248-248S393 8 256 8zm0 448c-110.5 0-200-89.5-200-200S145.5 56 256 56s200 89.5 200 200-89.5 200-200 200zm61.8-104.4l-84.9-61.7c-3.1-2.3-4.9-5.9-4.9-9.7V116c0-6.6 5.4-12 12-12h32c6.6 0 12 5.4 12 12v141.7l66.8 48.6c5.4 3.9 6.5 11.4 2.6 16.8L334.6 349c-3.9 5.3-11.4 6.5-16.8 2.6z\"><\/path><\/svg><\/span><span class=\"gb-headline-text\">Horari<\/span><\/h4>\n\n\n\n<p class=\"gb-headline gb-headline-107a73f8 gb-headline-text\"><span style=\"color:#6aaae4\" class=\"has-inline-color\">Dilluns a Divendres<br>de 9h a 14h- 16h a 19h<\/span><\/p>\n\n<\/div><\/div><\/div>\n<\/div>\n<\/div><\/div>\n\n\n\n\n<p class=\"gb-headline gb-headline-6b629cc4 gb-headline-text\"><a href=\"https:\/\/www.blaudisseny.cat\/index.php\/avis-legal-aviso-legal\/\">Av\u00eds legal<\/a><a href=\"https:\/\/www.blaudisseny.cat\/index.php\/4766-2\/\"> &#8211; Pol\u00edtica de privacitat<\/a> &#8211; <a href=\"https:\/\/www.blaudisseny.cat\/index.php\/politica-de-cookies\/\">Pol\u00edtica de cookies<\/a><\/p>\n","protected":false},"excerpt":{"rendered":"<p>Contacta amb nosaltres T&#8217;interessa alg\u00fan dels nostres serveis?Posa&#8217;t en contacte amb nosaltres. Farem un estudi de les teves necessitats i et respondrem tan aviat com ens sigui possible. Av\u00eds legal &#8211; Pol\u00edtica de privacitat &#8211; Pol\u00edtica de cookies<\/p>\n","protected":false},"author":1,"featured_media":0,"parent":0,"menu_order":0,"comment_status":"closed","ping_status":"closed","template":"","meta":{"footnotes":""},"class_list":["post-3562","page","type-page","status-publish"],"_links":{"self":[{"href":"https:\/\/www.blaudisseny.cat\/index.php\/wp-json\/wp\/v2\/pages\/3562","targetHints":{"allow":["GET"]}}],"collection":[{"href":"https:\/\/www.blaudisseny.cat\/index.php\/wp-json\/wp\/v2\/pages"}],"about":[{"href":"https:\/\/www.blaudisseny.cat\/index.php\/wp-json\/wp\/v2\/types\/page"}],"author":[{"embeddable":true,"href":"https:\/\/www.blaudisseny.cat\/index.php\/wp-json\/wp\/v2\/users\/1"}],"replies":[{"embeddable":true,"href":"https:\/\/www.blaudisseny.cat\/index.php\/wp-json\/wp\/v2\/comments?post=3562"}],"version-history":[{"count":46,"href":"https:\/\/www.blaudisseny.cat\/index.php\/wp-json\/wp\/v2\/pages\/3562\/revisions"}],"predecessor-version":[{"id":5282,"href":"https:\/\/www.blaudisseny.cat\/index.php\/wp-json\/wp\/v2\/pages\/3562\/revisions\/5282"}],"wp:attachment":[{"href":"https:\/\/www.blaudisseny.cat\/index.php\/wp-json\/wp\/v2\/media?parent=3562"}],"curies":[{"name":"wp","href":"https:\/\/api.w.org\/{rel}","templated":true}]}}